{"id":20206,"date":"2023-12-05T13:47:07","date_gmt":"2023-12-05T12:47:07","guid":{"rendered":"https:\/\/www.rhbhomeliving.nl\/?post_type=product&#038;p=20206"},"modified":"2026-04-03T04:27:16","modified_gmt":"2026-04-03T02:27:16","slug":"bank-kay-taupe-microvezel-2-zits-hoek-2-zits-label51-rhb-home-living","status":"publish","type":"product","link":"https:\/\/www.rhbhomeliving.nl\/de\/produkt\/all-mobel\/bank-kay-taupe-microvezel-2-zits-hoek-2-zits-label51-rhb-home-living\/","title":{"rendered":"Sofa Kay - Taupe - Mikrofaser - 2-Sitzer + Ecke + 2-Sitzer - Label51 - RHB Home &amp; Living"},"content":{"rendered":"<p>Bank Kay 2,5-zits + ottomane van LABEL51 is een luxe, robuuste bank met hoog zitcomfort in taupe micro su\u00e8de. Geschikt voor diverse interieurstijlen.<\/p>","protected":false},"excerpt":{"rendered":"Sofa Kay 2.5-seater + ottomane von LABEL51 ist ein luxuri\u00f6ses und gro\u00dfz\u00fcgiges Sofa aus taupefarbenem Mikro-Wildleder, das mit seinen kraftvollen und robusten Formen ein Statement in der Wohnung setzt.","protected":false},"featured_media":23702,"template":"","meta":{"_acf_changed":false},"product_brand":[],"product_cat":[112],"product_tag":[],"class_list":{"0":"post-20206","1":"product","2":"type-product","3":"status-publish","4":"has-post-thumbnail","6":"product_cat-alle-meubels","7":"product_shipping_class-orders-boven-e250-de","9":"first","10":"instock","11":"taxable","12":"shipping-taxable","13":"purchasable","14":"product-type-simple"},"exclude_global_add_ons":[],"addons":[],"acf":[],"yoast_head":null,"yoast_head_json":null,"_links":{"self":[{"href":"https:\/\/www.rhbhomeliving.nl\/de\/wp-json\/wp\/v2\/product\/20206","targetHints":{"allow":["GET"]}}],"collection":[{"href":"https:\/\/www.rhbhomeliving.nl\/de\/wp-json\/wp\/v2\/product"}],"about":[{"href":"https:\/\/www.rhbhomeliving.nl\/de\/wp-json\/wp\/v2\/types\/product"}],"wp:featuredmedia":[{"embeddable":true,"href":"https:\/\/www.rhbhomeliving.nl\/de\/wp-json\/wp\/v2\/media\/23702"}],"wp:attachment":[{"href":"https:\/\/www.rhbhomeliving.nl\/de\/wp-json\/wp\/v2\/media?parent=20206"}],"wp:term":[{"taxonomy":"product_brand","embeddable":true,"href":"https:\/\/www.rhbhomeliving.nl\/de\/wp-json\/wp\/v2\/product_brand?post=20206"},{"taxonomy":"product_cat","embeddable":true,"href":"https:\/\/www.rhbhomeliving.nl\/de\/wp-json\/wp\/v2\/product_cat?post=20206"},{"taxonomy":"product_tag","embeddable":true,"href":"https:\/\/www.rhbhomeliving.nl\/de\/wp-json\/wp\/v2\/product_tag?post=20206"}],"curies":[{"name":"wp","href":"https:\/\/api.w.org\/{rel}","templated":true}]}}