{"id":16807,"date":"2023-12-05T13:15:13","date_gmt":"2023-12-05T12:15:13","guid":{"rendered":"https:\/\/www.rhbhomeliving.nl\/?post_type=product&#038;p=16807"},"modified":"2026-02-05T17:31:48","modified_gmt":"2026-02-05T16:31:48","slug":"kaarsenhouders-antiek-goud-metaal-label51-rhb-home-living","status":"publish","type":"product","link":"https:\/\/www.rhbhomeliving.nl\/de\/produkt\/wohnaccessoires\/teelichter-und-kerzenhalter\/kaarsenhouders-antiek-goud-metaal-label51-rhb-home-living\/","title":{"rendered":"Kerzenhalter - Antikgold - Metall - Label51 - RHB Home &amp; Living"},"content":{"rendered":"<p>De Set Kaarsenhouders L van LABEL51 bestaat uit twee formaten van antiek goud metaal. De kaarsenhouders zijn prachtig opengewerkt en ge\u00efnspireerd op de structuur van grof geweven jute. De opengewerkte structuur zorgt voor een prachtige, romantische lichtspreiding, waardoor de set een lust voor het oog is, zelfs zonder kaarsen. Met afmetingen van 18x18x30 cm en 15x15x25 cm is de set verkrijgbaar in zowel antiek goud als zwart metaal. Het stijlvolle design maakt deze set veelzijdig en eenvoudig te combineren met diverse woonstijlen. De Set Kaarsenhouders L is niet alleen een stijlvolle decoratie voor in huis maar ook een geweldig cadeau-idee. Combineer de Set Kaarsenhouders L van LABEL51 met de Set Kaarsenhouders M voor een prachtig ensemble. Met de mogelijkheid om stompkaarsen te gebruiken, is deze set geschikt voor binnengebruik en biedt een elegante toevoeging aan elk interieur. De set is uitgevoerd in antiek goud metaal en presenteert een fraai design dat zich mooi laat combineren met andere items uit de Kaarsenhouders-serie van LABEL51.<\/p>","protected":false},"excerpt":{"rendered":"Das Kerzenhalterset L von LABEL51 besteht aus zwei Gr\u00f6\u00dfen aus antikgoldenem Metall. Die Kerzenhalter sind wundersch\u00f6n durchbrochen, inspiriert von der Struktur der grob gewebten Jute. Die durchbrochene Struktur erzeugt eine wunderbare, romantische Lichtverteilung. Auch ohne Kerze sind die Halter eine Augenweide.","protected":false},"featured_media":23918,"template":"","meta":{"_acf_changed":false},"product_brand":[],"product_cat":[158],"product_tag":[],"class_list":{"0":"post-16807","1":"product","2":"type-product","3":"status-publish","4":"has-post-thumbnail","6":"product_cat-windentheelichten","7":"product_shipping_class-140","9":"first","10":"instock","11":"taxable","12":"shipping-taxable","13":"purchasable","14":"product-type-simple"},"exclude_global_add_ons":[],"addons":[],"acf":[],"yoast_head":null,"yoast_head_json":null,"_links":{"self":[{"href":"https:\/\/www.rhbhomeliving.nl\/de\/wp-json\/wp\/v2\/product\/16807","targetHints":{"allow":["GET"]}}],"collection":[{"href":"https:\/\/www.rhbhomeliving.nl\/de\/wp-json\/wp\/v2\/product"}],"about":[{"href":"https:\/\/www.rhbhomeliving.nl\/de\/wp-json\/wp\/v2\/types\/product"}],"wp:featuredmedia":[{"embeddable":true,"href":"https:\/\/www.rhbhomeliving.nl\/de\/wp-json\/wp\/v2\/media\/23918"}],"wp:attachment":[{"href":"https:\/\/www.rhbhomeliving.nl\/de\/wp-json\/wp\/v2\/media?parent=16807"}],"wp:term":[{"taxonomy":"product_brand","embeddable":true,"href":"https:\/\/www.rhbhomeliving.nl\/de\/wp-json\/wp\/v2\/product_brand?post=16807"},{"taxonomy":"product_cat","embeddable":true,"href":"https:\/\/www.rhbhomeliving.nl\/de\/wp-json\/wp\/v2\/product_cat?post=16807"},{"taxonomy":"product_tag","embeddable":true,"href":"https:\/\/www.rhbhomeliving.nl\/de\/wp-json\/wp\/v2\/product_tag?post=16807"}],"curies":[{"name":"wp","href":"https:\/\/api.w.org\/{rel}","templated":true}]}}