{"id":13952,"date":"2024-02-06T17:16:49","date_gmt":"2024-02-06T16:16:49","guid":{"rendered":"https:\/\/www.rhbhomeliving.nl\/?post_type=product&#038;p=13952"},"modified":"2026-02-05T17:35:52","modified_gmt":"2026-02-05T16:35:52","slug":"hanglamp-ibiza-zwart-jute-3-lichts-rhb-home-living","status":"publish","type":"product","link":"https:\/\/www.rhbhomeliving.nl\/de\/produkt\/beleuchtung\/hangelampe\/hanglamp-ibiza-zwart-jute-3-lichts-rhb-home-living\/","title":{"rendered":"H\u00e4ngeleuchte Ibiza - Schwarz - Jute - 3-flammig - RHB Home &amp; Living"},"content":{"rendered":"<p>Die H\u00e4ngeleuchte Ibiza 3-light von LABEL51 ist eine gem\u00fctliche, verspielte Leuchte, die ein bisschen Ibiza und damit viel Atmosph\u00e4re in Ihr Zuhause bringt. Die Leuchte verf\u00fcgt \u00fcber drei rautenf\u00f6rmige, feste Schirme, die in unterschiedlichen H\u00f6hen h\u00e4ngen. Die Schirme sind aus sch\u00f6ner schwarzer Jute in Kombination mit robustem schwarzem Metall gefertigt. Diese coole Kombination sorgt f\u00fcr einen schicken Twist und vermittelt ein ausgesprochen wohnliches Gef\u00fchl.<\/p>\n<p>Hanglamp Ibiza 3-lichts bestaat uit drie diamantvormige kappen, voorzien van zwart geweven jute. Door de geweven draad ontstaat er een halfopen lijnenspel waardoor er een prachtig lichteffect met schaduwwerking ontstaat als de lichtbronnen branden. De diamantvormige kappen hangen op verschillende hoogtes, middels een zwartkleurig strijkijzerkoord vast aan de ronde zwarte metalen plafondplaat. De verspringing in hoogte zorgt voor extra dynamiek en een speelse touch.<\/p>\n<p>Ibiza is een natuurlijke, toegankelijke lamp gemaakt van de mooiste contrasterende materialen. Met Ibiza haal je een sfeervolle, chique lamp in huis die de mogelijkheid biedt eindeloos te combineren en vari\u00ebren. Deze hanglamp zal shinen boven een eettafel. Ibiza is er in heel veel soorten en maten hanglampen, tafel- en vloerlampen. Cre\u00eber een fijne eenheid door verschillende lampen uit de Ibiza serie te combineren. Gegarandeerd voor elke ruimte een passend exemplaar.<\/p>\n<p>- Holen Sie sich ein St\u00fcck Ibiza in Ihr Zuhause mit der sch\u00f6nen nat\u00fcrlichen Jute<br \/>\u2022 Ibiza 3-lichts is uitermate geschikt voor boven een ronde eettafel.<br \/>\u2022 Ibiza 3-lichts geeft door de hoogteverschillen van de kappen een speels effect<\/p>\n<p><\/p>\n<table>\n<tbody>\n<tr>\n<td>Farbe<\/td>\n<td>Schwarz<\/td>\n<\/tr>\n<tr>\n<td>Material<\/td>\n<td>Jute<\/td>\n<\/tr>\n<tr>\n<td>Leistung (in Watt)<\/td>\n<td>60<\/td>\n<\/tr>\n<tr>\n<td>Einbau<\/td>\n<td>E27 - Gro\u00dfe Fassung<\/td>\n<\/tr>\n<tr>\n<td>IP-Wert<\/td>\n<td>IP-21<\/td>\n<\/tr>\n<tr>\n<td>Name der Serie<\/td>\n<td>Ibiza<\/td>\n<\/tr>\n<\/tbody>\n<\/table>","protected":false},"excerpt":{"rendered":"Die H\u00e4ngeleuchte Ibiza 3-light von LABEL51 ist eine gem\u00fctliche, verspielte Leuchte, die ein bisschen Ibiza und damit viel Atmosph\u00e4re in Ihr Zuhause bringt. Die Leuchte verf\u00fcgt \u00fcber drei rautenf\u00f6rmige, feste Schirme, die in unterschiedlichen H\u00f6hen h\u00e4ngen. Die Schirme sind aus sch\u00f6ner schwarzer Jute in Kombination mit robustem schwarzem Metall gefertigt. Diese coole Kombination sorgt f\u00fcr einen schicken Twist und vermittelt ein ausgesprochen wohnliches Gef\u00fchl.","protected":false},"featured_media":15877,"template":"","meta":{"_acf_changed":false},"product_brand":[],"product_cat":[104],"product_tag":[],"class_list":{"0":"post-13952","1":"product","2":"type-product","3":"status-publish","4":"has-post-thumbnail","6":"product_cat-hanglamp","7":"product_shipping_class-162","9":"first","10":"instock","11":"taxable","12":"shipping-taxable","13":"purchasable","14":"product-type-simple"},"exclude_global_add_ons":[],"addons":[],"acf":[],"yoast_head":null,"yoast_head_json":null,"_links":{"self":[{"href":"https:\/\/www.rhbhomeliving.nl\/de\/wp-json\/wp\/v2\/product\/13952","targetHints":{"allow":["GET"]}}],"collection":[{"href":"https:\/\/www.rhbhomeliving.nl\/de\/wp-json\/wp\/v2\/product"}],"about":[{"href":"https:\/\/www.rhbhomeliving.nl\/de\/wp-json\/wp\/v2\/types\/product"}],"wp:featuredmedia":[{"embeddable":true,"href":"https:\/\/www.rhbhomeliving.nl\/de\/wp-json\/wp\/v2\/media\/15877"}],"wp:attachment":[{"href":"https:\/\/www.rhbhomeliving.nl\/de\/wp-json\/wp\/v2\/media?parent=13952"}],"wp:term":[{"taxonomy":"product_brand","embeddable":true,"href":"https:\/\/www.rhbhomeliving.nl\/de\/wp-json\/wp\/v2\/product_brand?post=13952"},{"taxonomy":"product_cat","embeddable":true,"href":"https:\/\/www.rhbhomeliving.nl\/de\/wp-json\/wp\/v2\/product_cat?post=13952"},{"taxonomy":"product_tag","embeddable":true,"href":"https:\/\/www.rhbhomeliving.nl\/de\/wp-json\/wp\/v2\/product_tag?post=13952"}],"curies":[{"name":"wp","href":"https:\/\/api.w.org\/{rel}","templated":true}]}}