{"id":12525,"date":"2024-02-01T09:18:03","date_gmt":"2024-02-01T08:18:03","guid":{"rendered":"https:\/\/www.rhbhomeliving.nl\/?post_type=product&#038;p=12525"},"modified":"2026-02-05T17:20:43","modified_gmt":"2026-02-05T16:20:43","slug":"spot-max-led-grijs-metaal-1-lichts-rhb-home-living","status":"publish","type":"product","link":"https:\/\/www.rhbhomeliving.nl\/de\/produkt\/beleuchtung\/scheinwerfer\/spot-max-led-grijs-metaal-1-lichts-rhb-home-living\/","title":{"rendered":"Spot Max led - Grau - Metall - 1 Leuchte - RHB Home &amp; Living"},"content":{"rendered":"<p>LED Spot Max 1-Licht in matt gebranntem Stahl von LABEL51 ist praktisch, robust und sch\u00f6n in der Subtilit\u00e4t. Dieser Strahler ist in der Lage, einen Teil eines Raumes zu beleuchten oder im Gegenteil ein besonderes Objekt hervorzuheben, um es zu betonen. LED Spot Max ist mit einem dimmbaren LED-Leuchtmittel ausgestattet.<\/p>\n<p>LED Spot Max 1-light hat einen runden Schirm aus gebranntem Stahl, in dem die LED untergebracht ist. Die sch\u00f6nen klobigen Schrauben an der Seite des Strahlers, die an dem Rahmen befestigt sind, zwischen dem der Strahler h\u00e4ngt, erm\u00f6glichen es, den Strahler von oben nach unten zu bewegen, um die gew\u00fcnschte Richtung einzustellen. Der Metallrahmen ist an der runden Deckenplatte befestigt.<\/p>\n<p>LED Spot Max 1-Licht hat einen industriellen Look und wird Ihre Decke schm\u00fccken. Max 1-Licht kann in vielen verschiedenen R\u00e4umen platziert werden. Vom Wohnzimmer bis zum Schlafzimmer, aber auch f\u00fcr Hotels und Restaurants hat die LED Spot Max 1-Leuchte viel zu bieten.<\/p>\n<p>- Inklusive LED-Lampe<br \/>- LED-Beleuchtung ist energieeffizient<br \/>- LED Spot Max ist in mehreren Varianten erh\u00e4ltlich<\/p>\n<table>\n<tbody>\n<tr>\n<td>Farbe<\/td>\n<td>Grau<\/td>\n<\/tr>\n<tr>\n<td>Material<\/td>\n<td>Metall<\/td>\n<\/tr>\n<tr>\n<td>Durchmesser in cm<\/td>\n<td>9<\/td>\n<\/tr>\n<tr>\n<td>Leistung (in Watt)<\/td>\n<td>4<\/td>\n<\/tr>\n<tr>\n<td>Einbau<\/td>\n<td>GU10 - LED<\/td>\n<\/tr>\n<tr>\n<td>IP-Wert<\/td>\n<td>IP-20<\/td>\n<\/tr>\n<tr>\n<td>Tipps zur Wartung<\/td>\n<td>Mit einem weichen, trockenen Tuch oder einem Staubwedel abwischen<\/td>\n<\/tr>\n<tr>\n<td>Name der Serie<\/td>\n<td>Max LED<\/td>\n<\/tr>\n<tr>\n<td>Verstellbare Lampe<\/td>\n<td>Drehbar<\/td>\n<\/tr>\n<\/tbody>\n<\/table>","protected":false},"excerpt":{"rendered":"LED Spot Max 1-Licht in matt gebranntem Stahl von LABEL51 ist praktisch, robust und sch\u00f6n in der Subtilit\u00e4t. Dieser Strahler ist in der Lage, einen Teil eines Raumes zu beleuchten oder, im Gegenteil, ein besonderes Objekt hervorzuheben, um es besonders zu betonen.","protected":false},"featured_media":15568,"template":"","meta":{"_acf_changed":false},"product_brand":[],"product_cat":[126],"product_tag":[],"class_list":{"0":"post-12525","1":"product","2":"type-product","3":"status-publish","4":"has-post-thumbnail","6":"product_cat-spots","7":"product_shipping_class-140","9":"first","10":"instock","11":"taxable","12":"shipping-taxable","13":"purchasable","14":"product-type-simple"},"exclude_global_add_ons":[],"addons":[],"acf":[],"yoast_head":null,"yoast_head_json":null,"_links":{"self":[{"href":"https:\/\/www.rhbhomeliving.nl\/de\/wp-json\/wp\/v2\/product\/12525","targetHints":{"allow":["GET"]}}],"collection":[{"href":"https:\/\/www.rhbhomeliving.nl\/de\/wp-json\/wp\/v2\/product"}],"about":[{"href":"https:\/\/www.rhbhomeliving.nl\/de\/wp-json\/wp\/v2\/types\/product"}],"wp:featuredmedia":[{"embeddable":true,"href":"https:\/\/www.rhbhomeliving.nl\/de\/wp-json\/wp\/v2\/media\/15568"}],"wp:attachment":[{"href":"https:\/\/www.rhbhomeliving.nl\/de\/wp-json\/wp\/v2\/media?parent=12525"}],"wp:term":[{"taxonomy":"product_brand","embeddable":true,"href":"https:\/\/www.rhbhomeliving.nl\/de\/wp-json\/wp\/v2\/product_brand?post=12525"},{"taxonomy":"product_cat","embeddable":true,"href":"https:\/\/www.rhbhomeliving.nl\/de\/wp-json\/wp\/v2\/product_cat?post=12525"},{"taxonomy":"product_tag","embeddable":true,"href":"https:\/\/www.rhbhomeliving.nl\/de\/wp-json\/wp\/v2\/product_tag?post=12525"}],"curies":[{"name":"wp","href":"https:\/\/api.w.org\/{rel}","templated":true}]}}